{"id":3744,"date":"2022-07-16T15:15:55","date_gmt":"2022-07-16T15:15:55","guid":{"rendered":"https:\/\/rockyourgreens.com\/sobre-mi\/"},"modified":"2024-03-18T13:04:37","modified_gmt":"2024-03-18T13:04:37","slug":"sobre-mi","status":"publish","type":"page","link":"https:\/\/rockyourgreens.com\/es\/sobre-mi\/","title":{"rendered":"Sobre m\u00ed"},"content":{"rendered":"\t\t<div data-elementor-type=\"wp-page\" data-elementor-id=\"3744\" class=\"elementor elementor-3744 elementor-2047\" data-elementor-post-type=\"page\">\n\t\t\t\t<div class=\"elementor-element elementor-element-e902fc0 e-flex e-con-boxed e-con e-parent\" data-id=\"e902fc0\" data-element_type=\"container\" data-e-type=\"container\" data-settings=\"{&quot;background_background&quot;:&quot;classic&quot;}\">\n\t\t\t\t\t<div class=\"e-con-inner\">\n\t\t\t\t<div class=\"elementor-element elementor-element-6854a98 elementor-widget elementor-widget-heading\" data-id=\"6854a98\" data-element_type=\"widget\" data-e-type=\"widget\" data-widget_type=\"heading.default\">\n\t\t\t\t<div class=\"elementor-widget-container\">\n\t\t\t\t\t<h2 class=\"elementor-heading-title elementor-size-default\">Sobre m\u00ed<\/h2>\t\t\t\t<\/div>\n\t\t\t\t<\/div>\n\t\t\t\t\t<\/div>\n\t\t\t\t<\/div>\n\t\t<div class=\"elementor-element elementor-element-da06e8d e-flex e-con-boxed e-con e-parent\" data-id=\"da06e8d\" data-element_type=\"container\" data-e-type=\"container\">\n\t\t\t\t\t<div class=\"e-con-inner\">\n\t\t<div class=\"elementor-element elementor-element-c7a3516 e-con-full e-flex e-con e-child\" data-id=\"c7a3516\" data-element_type=\"container\" data-e-type=\"container\">\n\t\t\t\t<div class=\"elementor-element elementor-element-4ced89d elementor-widget elementor-widget-text-editor\" data-id=\"4ced89d\" data-element_type=\"widget\" data-e-type=\"widget\" data-widget_type=\"text-editor.default\">\n\t\t\t\t<div class=\"elementor-widget-container\">\n\t\t\t\t\t\t\t\t\t<p>Soy Vania, gracias por haber llegado hasta ac\u00e1 \ud83d\ude42<\/p>\n<p>En este sitio encontrar\u00e1s informaci\u00f3n, recetas y novedades sobre los pr\u00f3ximos talleres presenciales.<\/p>\n<p><span style=\"font-weight: 400;\">Aqu\u00ed comparto recetas plant-based, utilizando s\u00f3lo ingredientes naturales de alto valor nutritivo para que puedas deleitar tanto tu paladar como todas tus c\u00e9lulas.<\/span><\/p>\n<p><span style=\"color: var( --e-global-color-454ed2c ); font-family: var( --e-global-typography-c06e1f1-font-family ), Sans-serif; font-size: var( --e-global-typography-c06e1f1-font-size ); letter-spacing: var( --e-global-typography-c06e1f1-letter-spacing ); word-spacing: var( --e-global-typography-c06e1f1-word-spacing ); text-align: var(--text-align);\">Actualmente trabajo compartiendo recetas, haciendo talleres de cocina y consultor\u00eda para todo aquel que quiera tener platos ricos y nutritivos sin descuidar las t\u00e9cnicas culinarias que pueden llevar tu plato al siguiente nivel.<\/span><\/p>\n<p>Si tienes preguntas, quieres hacer colaboraciones o comentarios, no dudes en escribirme \u2665.<\/p>\n\t\t\t\t\t\t\t\t<\/div>\n\t\t\t\t<\/div>\n\t\t\t\t<div class=\"elementor-element elementor-element-b551bd8 e-grid-align-left e-grid-align-mobile-center elementor-shape-rounded elementor-grid-0 elementor-widget elementor-widget-social-icons\" data-id=\"b551bd8\" data-element_type=\"widget\" data-e-type=\"widget\" data-widget_type=\"social-icons.default\">\n\t\t\t\t<div class=\"elementor-widget-container\">\n\t\t\t\t\t\t\t<div class=\"elementor-social-icons-wrapper elementor-grid\" role=\"list\">\n\t\t\t\t\t\t\t<span class=\"elementor-grid-item\" role=\"listitem\">\n\t\t\t\t\t<a class=\"elementor-icon elementor-social-icon elementor-social-icon-pinterest elementor-animation-grow elementor-repeater-item-4d55629\" href=\"https:\/\/www.pinterest.cl\/rockyourgreens\/\" target=\"_blank\" rel=\"noopener\">\n\t\t\t\t\t\t<span class=\"elementor-screen-only\">Pinterest<\/span>\n\t\t\t\t\t\t<i aria-hidden=\"true\" class=\"fab fa-pinterest\"><\/i>\t\t\t\t\t<\/a>\n\t\t\t\t<\/span>\n\t\t\t\t\t\t\t<span class=\"elementor-grid-item\" role=\"listitem\">\n\t\t\t\t\t<a class=\"elementor-icon elementor-social-icon elementor-social-icon-instagram elementor-animation-grow elementor-repeater-item-8c1ab3b\" href=\"https:\/\/www.instagram.com\/rockyourgreens\/\" target=\"_blank\" rel=\"noopener\">\n\t\t\t\t\t\t<span class=\"elementor-screen-only\">Instagram<\/span>\n\t\t\t\t\t\t<i aria-hidden=\"true\" class=\"fab fa-instagram\"><\/i>\t\t\t\t\t<\/a>\n\t\t\t\t<\/span>\n\t\t\t\t\t\t\t<span class=\"elementor-grid-item\" role=\"listitem\">\n\t\t\t\t\t<a class=\"elementor-icon elementor-social-icon elementor-social-icon-youtube elementor-animation-grow elementor-repeater-item-1fa073b\" href=\"https:\/\/www.youtube.com\/channel\/UC8ijhwmq0ES5Wxv0wH6zETw\" target=\"_blank\" rel=\"noopener\">\n\t\t\t\t\t\t<span class=\"elementor-screen-only\">Youtube<\/span>\n\t\t\t\t\t\t<i aria-hidden=\"true\" class=\"fab fa-youtube\"><\/i>\t\t\t\t\t<\/a>\n\t\t\t\t<\/span>\n\t\t\t\t\t<\/div>\n\t\t\t\t\t\t<\/div>\n\t\t\t\t<\/div>\n\t\t\t\t<\/div>\n\t\t<div class=\"elementor-element elementor-element-007aa83 e-con-full e-flex e-con e-child\" data-id=\"007aa83\" data-element_type=\"container\" data-e-type=\"container\">\n\t\t\t\t<div class=\"elementor-element elementor-element-96d33e9 elementor-widget elementor-widget-image\" data-id=\"96d33e9\" data-element_type=\"widget\" data-e-type=\"widget\" data-widget_type=\"image.default\">\n\t\t\t\t<div class=\"elementor-widget-container\">\n\t\t\t\t\t\t\t\t\t\t\t\t\t\t\t<img fetchpriority=\"high\" decoding=\"async\" width=\"800\" height=\"808\" src=\"https:\/\/rockyourgreens.com\/wp-content\/uploads\/2023\/07\/VaniaArdilesPeric-3.jpg\" class=\"attachment-large size-large wp-image-3910\" alt=\"\" srcset=\"https:\/\/rockyourgreens.com\/wp-content\/uploads\/2023\/07\/VaniaArdilesPeric-3.jpg 1000w, https:\/\/rockyourgreens.com\/wp-content\/uploads\/2023\/07\/VaniaArdilesPeric-3-297x300.jpg 297w, https:\/\/rockyourgreens.com\/wp-content\/uploads\/2023\/07\/VaniaArdilesPeric-3-768x776.jpg 768w, https:\/\/rockyourgreens.com\/wp-content\/uploads\/2023\/07\/VaniaArdilesPeric-3-300x303.jpg 300w, https:\/\/rockyourgreens.com\/wp-content\/uploads\/2023\/07\/VaniaArdilesPeric-3-600x606.jpg 600w, https:\/\/rockyourgreens.com\/wp-content\/uploads\/2023\/07\/VaniaArdilesPeric-3-100x100.jpg 100w\" sizes=\"(max-width: 800px) 100vw, 800px\" \/>\t\t\t\t\t\t\t\t\t\t\t\t\t\t\t<\/div>\n\t\t\t\t<\/div>\n\t\t\t\t<\/div>\n\t\t\t\t\t<\/div>\n\t\t\t\t<\/div>\n\t\t\t\t<\/div>\n\t\t","protected":false},"excerpt":{"rendered":"<p>Sobre m\u00ed Soy Vania, gracias por haber llegado hasta ac\u00e1 \ud83d\ude42 En este sitio encontrar\u00e1s informaci\u00f3n, recetas y novedades sobre los pr\u00f3ximos talleres presenciales. Aqu\u00ed comparto recetas plant-based, utilizando s\u00f3lo ingredientes naturales de alto valor nutritivo para que puedas deleitar tanto tu paladar como todas tus c\u00e9lulas. Actualmente trabajo compartiendo recetas, haciendo talleres de cocina [&hellip;]<\/p>\n","protected":false},"author":1,"featured_media":0,"parent":0,"menu_order":0,"comment_status":"closed","ping_status":"closed","template":"elementor_header_footer","meta":{"footnotes":""},"class_list":["post-3744","page","type-page","status-publish","hentry"],"_links":{"self":[{"href":"https:\/\/rockyourgreens.com\/es\/wp-json\/wp\/v2\/pages\/3744","targetHints":{"allow":["GET"]}}],"collection":[{"href":"https:\/\/rockyourgreens.com\/es\/wp-json\/wp\/v2\/pages"}],"about":[{"href":"https:\/\/rockyourgreens.com\/es\/wp-json\/wp\/v2\/types\/page"}],"author":[{"embeddable":true,"href":"https:\/\/rockyourgreens.com\/es\/wp-json\/wp\/v2\/users\/1"}],"replies":[{"embeddable":true,"href":"https:\/\/rockyourgreens.com\/es\/wp-json\/wp\/v2\/comments?post=3744"}],"version-history":[{"count":5,"href":"https:\/\/rockyourgreens.com\/es\/wp-json\/wp\/v2\/pages\/3744\/revisions"}],"predecessor-version":[{"id":3995,"href":"https:\/\/rockyourgreens.com\/es\/wp-json\/wp\/v2\/pages\/3744\/revisions\/3995"}],"wp:attachment":[{"href":"https:\/\/rockyourgreens.com\/es\/wp-json\/wp\/v2\/media?parent=3744"}],"curies":[{"name":"wp","href":"https:\/\/api.w.org\/{rel}","templated":true}]}}