{"id":3763,"date":"2023-04-01T12:14:38","date_gmt":"2023-04-01T12:14:38","guid":{"rendered":"https:\/\/rockyourgreens.com\/product\/experiencia-culinaria\/"},"modified":"2023-07-27T15:48:54","modified_gmt":"2023-07-27T15:48:54","slug":"experiencia-culinaria","status":"publish","type":"product","link":"https:\/\/rockyourgreens.com\/es\/product\/experiencia-culinaria\/","title":{"rendered":"Experiencia culinaria"},"content":{"rendered":"<p><span style=\"font-weight: 400;\">\u00bfEst\u00e1 preparado para una experiencia culinaria que le sorprender\u00e1? \u00danase a mi taller de cocina, donde aprender\u00e1 nuevas t\u00e9cnicas, conocer\u00e1 a otros amantes de la cocina y saborear\u00e1 platos realmente deliciosos. Creo en el uso exclusivo de ingredientes naturales y reales, por lo que lo haremos todo desde cero, \u00a1incluso los fideos! .  <\/span><\/p>\n<p><span style=\"font-weight: 400;\">Desde el caldo hasta los ingredientes,<\/span><span style=\"font-weight: 400;\">tendr\u00e1 la oportunidad de experimentar la magia de cocinar con ingredientes frescos e integrales. Prep\u00e1rese para degustar un ramen vegetal de otro mundo, adem\u00e1s de unos aperitivos y postres que le har\u00e1n la boca agua.<\/span><\/p>\n<p><span style=\"font-weight: 400;\">Tanto si eres un profesional de la cocina como si acabas de empezar, mi taller est\u00e1 pensado para todos. Adquirir\u00e1s experiencia pr\u00e1ctica, aprender\u00e1s nuevos trucos y te lo pasar\u00e1s en grande. <\/span><\/p>\n<p><span style=\"font-weight: 400;\">No espere m\u00e1s, \u00a1inscr\u00edbase ahora para reservar su plaza en una aventura culinaria!<\/span><\/p>\n<p><strong> \u00bfQu\u00e9 aprender\u00e1s?<\/strong><\/p>\n<p><span style=\"font-weight: 400;\">Todos los pasos para hacer un ramen casero s\u00faper sabroso a base de plantas<\/span><\/p>\n<ul>\n<li><span style=\"font-weight: 400;\">Dashi (caldo de ramen)<\/span><\/li>\n<li><span style=\"font-weight: 400;\">Tara<\/span><\/li>\n<li><span style=\"font-weight: 400;\">Fideos de trigo caseros <\/span><\/li>\n<li><span style=\"font-weight: 400;\">verduras en escabeche<\/span><\/li>\n<li><span style=\"font-weight: 400;\">diferentes coberturas<\/span><\/li>\n<\/ul>\n<p><span style=\"font-weight: 400;\"> Por supuesto, despu\u00e9s de hacer las recetas, montaremos la mesa para degustar y disfrutar juntos del resultado final.<\/span><\/p>\n<p><strong> El taller incluye:<\/strong><\/p>\n<ul>\n<li><span style=\"font-weight: 400;\">Proceso del ramen paso a paso<\/span><\/li>\n<li><span style=\"font-weight: 400;\">Aperitivo<\/span><\/li>\n<li><span style=\"font-weight: 400;\">Postre<\/span><\/li>\n<li><span style=\"font-weight: 400;\">Copa de vino<\/span><\/li>\n<li><span style=\"font-weight: 400;\">Dossier con recetas<\/span><\/li>\n<\/ul>\n<p><span style=\"font-weight: 400;\">*Todos los ingredientes que utilizamos son ecol\u00f3gicos y de origen vegetal.<\/span><\/p>\n<p><strong> \u00bfLe gustar\u00eda venir con un grupo de amigos?<\/strong><\/p>\n<p><span style=\"font-weight: 400;\">Estar\u00e9 encantada de reservarle una cita. Para grupo de 5<\/span><\/p>\n<p><span style=\"font-weight: 400;\">*S\u00f3lo fines de semana:<\/span><\/p>\n<p><span style=\"font-weight: 400;\">Sesi\u00f3n matinal: de 11 a 15 h<\/span><\/p>\n<p><span style=\"font-weight: 400;\">Sesi\u00f3n vespertina: de 17.30 a 21.30 horas<\/span><\/p>\n<p><span style=\"font-weight: 400;\">Si desea m\u00e1s informaci\u00f3n, env\u00edeme un correo electr\u00f3nico.<\/span><\/p>\n","protected":false},"excerpt":{"rendered":"<p>\u00bfEst\u00e1 preparado para una experiencia culinaria que le sorprender\u00e1? \u00danase a mi taller de cocina, donde aprender\u00e1 nuevas t\u00e9cnicas, conocer\u00e1 a otros amantes de la cocina y saborear\u00e1 platos realmente deliciosos. Creo en el uso exclusivo de ingredientes naturales y reales, por lo que lo haremos todo desde cero, \u00a1incluso los fideos! . Desde el [&hellip;]<\/p>\n","protected":false},"featured_media":3602,"comment_status":"open","ping_status":"closed","template":"","meta":[],"product_brand":[],"product_cat":[183],"product_tag":[],"class_list":{"0":"post-3763","1":"product","2":"type-product","3":"status-publish","4":"has-post-thumbnail","6":"product_cat-evento-es","8":"first","9":"outofstock","10":"shipping-taxable","11":"purchasable","12":"product-type-simple"},"_links":{"self":[{"href":"https:\/\/rockyourgreens.com\/es\/wp-json\/wp\/v2\/product\/3763","targetHints":{"allow":["GET"]}}],"collection":[{"href":"https:\/\/rockyourgreens.com\/es\/wp-json\/wp\/v2\/product"}],"about":[{"href":"https:\/\/rockyourgreens.com\/es\/wp-json\/wp\/v2\/types\/product"}],"replies":[{"embeddable":true,"href":"https:\/\/rockyourgreens.com\/es\/wp-json\/wp\/v2\/comments?post=3763"}],"wp:featuredmedia":[{"embeddable":true,"href":"https:\/\/rockyourgreens.com\/es\/wp-json\/wp\/v2\/media\/3602"}],"wp:attachment":[{"href":"https:\/\/rockyourgreens.com\/es\/wp-json\/wp\/v2\/media?parent=3763"}],"wp:term":[{"taxonomy":"product_brand","embeddable":true,"href":"https:\/\/rockyourgreens.com\/es\/wp-json\/wp\/v2\/product_brand?post=3763"},{"taxonomy":"product_cat","embeddable":true,"href":"https:\/\/rockyourgreens.com\/es\/wp-json\/wp\/v2\/product_cat?post=3763"},{"taxonomy":"product_tag","embeddable":true,"href":"https:\/\/rockyourgreens.com\/es\/wp-json\/wp\/v2\/product_tag?post=3763"}],"curies":[{"name":"wp","href":"https:\/\/api.w.org\/{rel}","templated":true}]}}