{"id":3764,"date":"2022-07-07T15:46:39","date_gmt":"2022-07-07T15:46:39","guid":{"rendered":"https:\/\/rockyourgreens.com\/product\/recetas-dulces-y-saludables-100-vegetales\/"},"modified":"2022-07-07T15:46:39","modified_gmt":"2022-07-07T15:46:39","slug":"recetas-dulces-y-saludables-100-vegetales-2","status":"publish","type":"product","link":"https:\/\/rockyourgreens.com\/es\/product\/recetas-dulces-y-saludables-100-vegetales-2\/","title":{"rendered":"Recetas dulces y saludables 100% Vegetales"},"content":{"rendered":"<p>M\u00e1s de 20 recetas de dulces y postres plant-based hechos con ingredientes naturales para soprender(te) Snacks, galletas, tartas y helados son algunas de las recetas que encontrar\u00e1s en este ebook. Aprender\u00e1s recetas base como bebidas vegetales, mantecas y cremas para llegar a un resultado final delicioso. Descubrir\u00e1s la magia y el lindo proceso de crear dulces con amor.<br \/>\nTodas las recetas de este ebook son 100% vegetales y sin gluten.<\/p>\n","protected":false},"excerpt":{"rendered":"<p>Recetas que encontrar\u00e1s:<\/p>\n<ul>\n<li>Snacks : Granola dorada, barritas de granola, pan plano dulce, mermelada express, Mini muffins de pl\u00e1tano y berries, untable de chocolate, rollitos de d\u00e1tiles<\/li>\n<li>Horneados: Brownie tipo \u00abfudge\u00bb, cuadritos de manzana, galletas de almendra, galletas de avellana, galletas de s\u00e9samo negro.<\/li>\n<li>Postres: Flan ligero de peras asadas, tarta raw de kiwi, mousse de chocolate amargo, cupcakes de caf\u00e9<\/li>\n<li>Fudges raw de Matcha y menta, Fudges de hibiscus y frambuesa<\/li>\n<li>Tartas: Tarta de chocolate, tartaleta de frutas<\/li>\n<li>Helados \/ Postres helados: Polos de mango y chile, helado chai, Postre helado de calabaza especiada<\/li>\n<li>Sirope de d\u00e1til<\/li>\n<\/ul>\n","protected":false},"featured_media":3613,"comment_status":"open","ping_status":"closed","template":"","meta":[],"product_brand":[],"product_cat":[184],"product_tag":[],"class_list":{"0":"post-3764","1":"product","2":"type-product","3":"status-publish","4":"has-post-thumbnail","6":"product_cat-libro-electronico","8":"first","9":"outofstock","10":"downloadable","11":"virtual","12":"purchasable","13":"product-type-simple"},"_links":{"self":[{"href":"https:\/\/rockyourgreens.com\/es\/wp-json\/wp\/v2\/product\/3764","targetHints":{"allow":["GET"]}}],"collection":[{"href":"https:\/\/rockyourgreens.com\/es\/wp-json\/wp\/v2\/product"}],"about":[{"href":"https:\/\/rockyourgreens.com\/es\/wp-json\/wp\/v2\/types\/product"}],"replies":[{"embeddable":true,"href":"https:\/\/rockyourgreens.com\/es\/wp-json\/wp\/v2\/comments?post=3764"}],"wp:featuredmedia":[{"embeddable":true,"href":"https:\/\/rockyourgreens.com\/es\/wp-json\/wp\/v2\/media\/3613"}],"wp:attachment":[{"href":"https:\/\/rockyourgreens.com\/es\/wp-json\/wp\/v2\/media?parent=3764"}],"wp:term":[{"taxonomy":"product_brand","embeddable":true,"href":"https:\/\/rockyourgreens.com\/es\/wp-json\/wp\/v2\/product_brand?post=3764"},{"taxonomy":"product_cat","embeddable":true,"href":"https:\/\/rockyourgreens.com\/es\/wp-json\/wp\/v2\/product_cat?post=3764"},{"taxonomy":"product_tag","embeddable":true,"href":"https:\/\/rockyourgreens.com\/es\/wp-json\/wp\/v2\/product_tag?post=3764"}],"curies":[{"name":"wp","href":"https:\/\/api.w.org\/{rel}","templated":true}]}}